{"id":1894,"date":"2022-06-29T18:47:01","date_gmt":"2022-06-29T16:47:01","guid":{"rendered":"https:\/\/hockeygymnasiet.se\/webbutik\/?page_id=1894"},"modified":"2022-06-29T20:52:52","modified_gmt":"2022-06-29T18:52:52","slug":"hockeygymnasiet-webshop-hockey-tandskydd-fodral","status":"publish","type":"page","link":"https:\/\/hockeygymnasiet.se\/webbutik\/hockeygymnasiet-webshop-hockey-tandskydd-fodral\/","title":{"rendered":"HOCKEYGYMNASIET &#8211; Webshop Hockey Tandskydd Fodral"},"content":{"rendered":"\t\t<div data-elementor-type=\"wp-page\" data-elementor-id=\"1894\" class=\"elementor elementor-1894\">\n\t\t\t\t\t\t<section class=\"elementor-section elementor-top-section elementor-element elementor-element-2d83a89 elementor-section-boxed elementor-section-height-default elementor-section-height-default\" data-id=\"2d83a89\" data-element_type=\"section\">\n\t\t\t\t\t\t<div class=\"elementor-container elementor-column-gap-default\">\n\t\t\t\t\t<div class=\"elementor-column elementor-col-33 elementor-top-column elementor-element elementor-element-162641a\" data-id=\"162641a\" data-element_type=\"column\" data-settings=\"{&quot;background_background&quot;:&quot;classic&quot;}\">\n\t\t\t<div class=\"elementor-widget-wrap elementor-element-populated\">\n\t\t\t\t\t\t<div class=\"elementor-element elementor-element-e54535b elementor-widget elementor-widget-heading\" data-id=\"e54535b\" data-element_type=\"widget\" data-widget_type=\"heading.default\">\n\t\t\t\t<div class=\"elementor-widget-container\">\n\t\t\t\t\t<h2 class=\"elementor-heading-title elementor-size-medium\">PRODUKT KATEGORIER<\/h2>\t\t\t\t<\/div>\n\t\t\t\t<\/div>\n\t\t\t\t<div class=\"elementor-element elementor-element-a30a80a menu-sidebar elementor-widget elementor-widget-sidebar\" data-id=\"a30a80a\" data-element_type=\"widget\" data-widget_type=\"sidebar.default\">\n\t\t\t\t<div class=\"elementor-widget-container\">\n\t\t\t\t\t<aside id=\"nav_menu-2\" class=\"widget widget_nav_menu footer_bottom_widget\"><div class=\"menu-webshop-product-categories-container\"><ul id=\"menu-webshop-product-categories\" class=\"menu\"><li id=\"menu-item-1396\" class=\"menu-item menu-item-type-post_type menu-item-object-page menu-item-1396 tc-menu-item tc-menu-depth-0 tc-menu-align-left tc-menu-layout-default\"><a href=\"https:\/\/hockeygymnasiet.se\/webbutik\/hockeygymnasiet-webshop-nhl-hockeykepsar\/\" class=\"tc-menu-inner\">NHL Hockeykepsar<\/a><\/li>\n<li id=\"menu-item-2031\" class=\"menu-item menu-item-type-post_type menu-item-object-page menu-item-2031 tc-menu-item tc-menu-depth-0 tc-menu-align-left tc-menu-layout-default\"><a href=\"https:\/\/hockeygymnasiet.se\/webbutik\/hockeygymnasiet-webshop-goorin-bros-kepsar\/\" class=\"tc-menu-inner\">Goorin Bros Kepsar<\/a><\/li>\n<li id=\"menu-item-1397\" class=\"menu-item menu-item-type-post_type menu-item-object-page menu-item-1397 tc-menu-item tc-menu-depth-0 tc-menu-align-left tc-menu-layout-default\"><a href=\"https:\/\/hockeygymnasiet.se\/webbutik\/hockeygymnasiet-webshop-nhl-haymaker-mossor\/\" class=\"tc-menu-inner\">NHL Haymaker M\u00f6ssor<\/a><\/li>\n<li id=\"menu-item-1398\" class=\"menu-item menu-item-type-post_type menu-item-object-page menu-item-1398 tc-menu-item tc-menu-depth-0 tc-menu-align-left tc-menu-layout-default\"><a href=\"https:\/\/hockeygymnasiet.se\/webbutik\/hockeygymnasiet-webshop-nhl-breakaway-mossor\/\" class=\"tc-menu-inner\">NHL Breakaway M\u00f6ssor<\/a><\/li>\n<li id=\"menu-item-1745\" class=\"menu-item menu-item-type-post_type menu-item-object-page menu-item-1745 tc-menu-item tc-menu-depth-0 tc-menu-align-left tc-menu-layout-default\"><a href=\"https:\/\/hockeygymnasiet.se\/webbutik\/hockeygymnasiet-webshop-hockey-tandskydd\/\" class=\"tc-menu-inner\">Hockey Tandskydd<\/a><\/li>\n<li id=\"menu-item-1858\" class=\"menu-item menu-item-type-post_type menu-item-object-page menu-item-1858 tc-menu-item tc-menu-depth-0 tc-menu-align-left tc-menu-layout-default\"><a href=\"https:\/\/hockeygymnasiet.se\/webbutik\/hockeygymnasiet-webshop-hockey-suspensor\/\" class=\"tc-menu-inner\">Hockey Suspensor<\/a><\/li>\n<li id=\"menu-item-1903\" class=\"menu-item menu-item-type-post_type menu-item-object-page menu-item-1903 tc-menu-item tc-menu-depth-0 tc-menu-align-left tc-menu-layout-default\"><a href=\"https:\/\/hockeygymnasiet.se\/webbutik\/hockeygymnasiet-webshop-hockey-tandskydd-fodral\/\" class=\"tc-menu-inner\">Tandskydd Fodral<\/a><\/li>\n<\/ul><\/div><\/aside>\t\t\t\t<\/div>\n\t\t\t\t<\/div>\n\t\t\t\t<div class=\"elementor-element elementor-element-31178ee elementor-widget elementor-widget-shortcode\" data-id=\"31178ee\" data-element_type=\"widget\" data-widget_type=\"shortcode.default\">\n\t\t\t\t<div class=\"elementor-widget-container\">\n\t\t\t\t\t\t\t<div class=\"elementor-shortcode\"><a href=\"https:\/\/click.adrecord.com\/?c=47525&p=1259&g=27670\" target=\"_blank\"><img decoding=\"async\" src=\"https:\/\/graphics.adrecord.com\/47525\/1259\/27670\"><\/a><\/div>\n\t\t\t\t\t\t<\/div>\n\t\t\t\t<\/div>\n\t\t\t\t<div class=\"elementor-element elementor-element-af72f07 elementor-hidden-phone elementor-widget elementor-widget-shortcode\" data-id=\"af72f07\" data-element_type=\"widget\" data-widget_type=\"shortcode.default\">\n\t\t\t\t<div class=\"elementor-widget-container\">\n\t\t\t\t\t\t\t<div class=\"elementor-shortcode\"><a href=\"https:\/\/click.adrecord.com\/?c=47525&p=1149&g=26138\" target=\"_blank\"><img decoding=\"async\" src=\"https:\/\/graphics.adrecord.com\/47525\/1149\/26138\"><\/a><\/div>\n\t\t\t\t\t\t<\/div>\n\t\t\t\t<\/div>\n\t\t\t\t\t<\/div>\n\t\t<\/div>\n\t\t\t\t<div class=\"elementor-column elementor-col-66 elementor-top-column elementor-element elementor-element-1f41630\" data-id=\"1f41630\" data-element_type=\"column\">\n\t\t\t<div class=\"elementor-widget-wrap elementor-element-populated\">\n\t\t\t\t\t\t<section class=\"elementor-section elementor-inner-section elementor-element elementor-element-3b9e9b1 elementor-section-boxed elementor-section-height-default elementor-section-height-default\" data-id=\"3b9e9b1\" data-element_type=\"section\">\n\t\t\t\t\t\t<div class=\"elementor-container elementor-column-gap-default\">\n\t\t\t\t\t<div class=\"elementor-column elementor-col-50 elementor-inner-column elementor-element elementor-element-50f4a6e\" data-id=\"50f4a6e\" data-element_type=\"column\">\n\t\t\t<div class=\"elementor-widget-wrap elementor-element-populated\">\n\t\t\t\t\t\t<div class=\"elementor-element elementor-element-9a8557e elementor-widget elementor-widget-heading\" data-id=\"9a8557e\" data-element_type=\"widget\" data-widget_type=\"heading.default\">\n\t\t\t\t<div class=\"elementor-widget-container\">\n\t\t\t\t\t<h2 class=\"elementor-heading-title elementor-size-default\">Hockey Tandskydd Frodral<\/h2>\t\t\t\t<\/div>\n\t\t\t\t<\/div>\n\t\t\t\t<div class=\"elementor-element elementor-element-920c28b elementor-widget elementor-widget-text-editor\" data-id=\"920c28b\" data-element_type=\"widget\" data-widget_type=\"text-editor.default\">\n\t\t\t\t<div class=\"elementor-widget-container\">\n\t\t\t\t\t\t\t\t\t<p>K\u00f6p din Hockey Tandskydd Frodral via Hockeygymnasiet.se Brett sortiment inom Hockeytillbeh\u00f6r Tandskydd f\u00f6r hockeyspelare Skydda t\u00e4nderna under tr\u00e4ning och match!<\/p>\t\t\t\t\t\t\t\t<\/div>\n\t\t\t\t<\/div>\n\t\t\t\t\t<\/div>\n\t\t<\/div>\n\t\t\t\t<div class=\"elementor-column elementor-col-50 elementor-inner-column elementor-element elementor-element-f51811f\" data-id=\"f51811f\" data-element_type=\"column\">\n\t\t\t<div class=\"elementor-widget-wrap elementor-element-populated\">\n\t\t\t\t\t\t<div class=\"elementor-element elementor-element-d006f0a elementor-hidden-phone elementor-widget elementor-widget-image\" data-id=\"d006f0a\" data-element_type=\"widget\" data-widget_type=\"image.default\">\n\t\t\t\t<div class=\"elementor-widget-container\">\n\t\t\t\t\t\t\t\t\t\t\t\t\t\t\t<img decoding=\"async\" src=\"https:\/\/hockeygymnasiet.se\/wp-content\/uploads\/2021\/07\/nhl.icon_.png\" title=\"\" alt=\"\" loading=\"lazy\" \/>\t\t\t\t\t\t\t\t\t\t\t\t\t\t\t<\/div>\n\t\t\t\t<\/div>\n\t\t\t\t\t<\/div>\n\t\t<\/div>\n\t\t\t\t\t<\/div>\n\t\t<\/section>\n\t\t\t\t<div class=\"elementor-element elementor-element-c09822d elementor-widget elementor-widget-spacer\" data-id=\"c09822d\" data-element_type=\"widget\" data-widget_type=\"spacer.default\">\n\t\t\t\t<div class=\"elementor-widget-container\">\n\t\t\t\t\t\t\t<div class=\"elementor-spacer\">\n\t\t\t<div class=\"elementor-spacer-inner\"><\/div>\n\t\t<\/div>\n\t\t\t\t\t\t<\/div>\n\t\t\t\t<\/div>\n\t\t\t\t<div class=\"elementor-element elementor-element-d6d0078 elementor-widget elementor-widget-shortcode\" data-id=\"d6d0078\" data-element_type=\"widget\" data-widget_type=\"shortcode.default\">\n\t\t\t\t<div class=\"elementor-widget-container\">\n\t\t\t\t\t\t\t<div class=\"elementor-shortcode\"><div class=\"woocommerce columns-3 \"><ul class=\"product-grid columns-3\">\n<li class=\"product type-product post-1886 status-publish first instock product_cat-tandskydd-fodral has-post-thumbnail taxable shipping-taxable product-type-external\">\n\t\t\t<div class=\"content__product\">\n\t\t\t\t\t\t<div class=\"product_thumb\">\n\t\t\t\t<img fetchpriority=\"high\" decoding=\"async\" width=\"500\" height=\"375\" src=\"https:\/\/hockeygymnasiet.se\/webbutik\/wp-content\/uploads\/2022\/06\/Denture-Tandskydd-Fodral-500x375.webp\" class=\"attachment-woocommerce_thumbnail size-woocommerce_thumbnail\" alt=\"Denture-Tandskydd-Fodral\" srcset=\"https:\/\/hockeygymnasiet.se\/webbutik\/wp-content\/uploads\/2022\/06\/Denture-Tandskydd-Fodral-500x375.webp 500w, https:\/\/hockeygymnasiet.se\/webbutik\/wp-content\/uploads\/2022\/06\/Denture-Tandskydd-Fodral-600x450.webp 600w, https:\/\/hockeygymnasiet.se\/webbutik\/wp-content\/uploads\/2022\/06\/Denture-Tandskydd-Fodral-300x225.webp 300w, https:\/\/hockeygymnasiet.se\/webbutik\/wp-content\/uploads\/2022\/06\/Denture-Tandskydd-Fodral-768x576.webp 768w, https:\/\/hockeygymnasiet.se\/webbutik\/wp-content\/uploads\/2022\/06\/Denture-Tandskydd-Fodral-700x525.webp 700w, https:\/\/hockeygymnasiet.se\/webbutik\/wp-content\/uploads\/2022\/06\/Denture-Tandskydd-Fodral.webp 800w\" sizes=\"(max-width: 500px) 100vw, 500px\" \/>\t\t\t\t<div class=\"quick-view\" data-prod=\"1886\"><a href=\"javascript:;\"><i class=\"tk tk-eye fa-fw\"><\/i><\/a><\/div>\t\t\t\t<a href=\"https:\/\/hockeygymnasiet.se\/webbutik\/produkt\/denture-tandskydd-fodral\/\" class=\"link-images-product\"><\/a>\n\t\t\t<\/div>\n\t\t\t<div class=\"product__title\">\n\t\t\t\t<a href=\"https:\/\/hockeygymnasiet.se\/webbutik\/produkt\/denture-tandskydd-fodral\/\" class=\"title\">Denture Tandskydd Fodral<\/a>\n\n\t\t\t\t<div class=\"block-after-title\">\n\t\t\t\t\t\n\t<span class=\"price\"><span class=\"woocommerce-Price-amount amount\"><bdi><span class=\"woocommerce-Price-currencySymbol\">&#107;&#114;<\/span>&nbsp;42.00<\/bdi><\/span><\/span>\n\t\t\t\t<\/div>\n\t\t\t\t<div class=\"description\">\n\t\t\t\t\t<p>M\u00e4rke: Denture<br \/>\nKategori: Tandskydd Fodral<br \/>\nF\u00e4rg: Gr\u00f6n<br \/>\nAnv\u00e4ndning: vuxna, ton\u00e5ringar<br \/>\nPassform: En storlek passar de flesta<\/p>\n\t\t\t\t<\/div>\n\t\t\t\t<\/a><a rel=\"nofollow\" href=\"https:\/\/amzn.to\/3yub7sw\" data-quantity=\"1\" data-product_id=\"1886\" data-product_sku=\"\" class=\"button product_type_external\" target=\"_blank\">K\u00f6p p\u00e5 Amazon<\/a>\t<span id=\"woocommerce_loop_add_to_cart_link_describedby_1886\" class=\"screen-reader-text\">\n\t\t\t<\/span>\n\t\t\t<\/div>\n\t\t<\/div>\n\t<\/li>\n<li class=\"product type-product post-1874 status-publish instock product_cat-tandskydd-fodral has-post-thumbnail taxable shipping-taxable product-type-external\">\n\t\t\t<div class=\"content__product\">\n\t\t\t\t\t\t<div class=\"product_thumb\">\n\t\t\t\t<img decoding=\"async\" width=\"500\" height=\"375\" src=\"https:\/\/hockeygymnasiet.se\/webbutik\/wp-content\/uploads\/2022\/06\/Opro-Tandskydd-fodral-500x375.webp\" class=\"attachment-woocommerce_thumbnail size-woocommerce_thumbnail\" alt=\"Opro-Tandskydd-fodral\" srcset=\"https:\/\/hockeygymnasiet.se\/webbutik\/wp-content\/uploads\/2022\/06\/Opro-Tandskydd-fodral-500x375.webp 500w, https:\/\/hockeygymnasiet.se\/webbutik\/wp-content\/uploads\/2022\/06\/Opro-Tandskydd-fodral-600x450.webp 600w, https:\/\/hockeygymnasiet.se\/webbutik\/wp-content\/uploads\/2022\/06\/Opro-Tandskydd-fodral-300x225.webp 300w, https:\/\/hockeygymnasiet.se\/webbutik\/wp-content\/uploads\/2022\/06\/Opro-Tandskydd-fodral-768x576.webp 768w, https:\/\/hockeygymnasiet.se\/webbutik\/wp-content\/uploads\/2022\/06\/Opro-Tandskydd-fodral-700x525.webp 700w, https:\/\/hockeygymnasiet.se\/webbutik\/wp-content\/uploads\/2022\/06\/Opro-Tandskydd-fodral.webp 800w\" sizes=\"(max-width: 500px) 100vw, 500px\" \/>\t\t\t\t<div class=\"quick-view\" data-prod=\"1874\"><a href=\"javascript:;\"><i class=\"tk tk-eye fa-fw\"><\/i><\/a><\/div>\t\t\t\t<a href=\"https:\/\/hockeygymnasiet.se\/webbutik\/produkt\/opro-sport-tandskydd-fodral\/\" class=\"link-images-product\"><\/a>\n\t\t\t<\/div>\n\t\t\t<div class=\"product__title\">\n\t\t\t\t<a href=\"https:\/\/hockeygymnasiet.se\/webbutik\/produkt\/opro-sport-tandskydd-fodral\/\" class=\"title\">Opro Sport Tandskydd Fodral<\/a>\n\n\t\t\t\t<div class=\"block-after-title\">\n\t\t\t\t\t\n\t<span class=\"price\"><span class=\"woocommerce-Price-amount amount\"><bdi><span class=\"woocommerce-Price-currencySymbol\">&#107;&#114;<\/span>&nbsp;90.00<\/bdi><\/span><\/span>\n\t\t\t\t<\/div>\n\t\t\t\t<div class=\"description\">\n\t\t\t\t\t<p>M\u00e4rke: Opro<br \/>\nKategori: Tandskydd Fodral<br \/>\nF\u00e4rg: Svart<br \/>\nAnv\u00e4ndning: vuxna, ton\u00e5ringar<br \/>\nPassform: En storlek passar de flesta<\/p>\n\t\t\t\t<\/div>\n\t\t\t\t<\/a><a rel=\"nofollow\" href=\"https:\/\/amzn.to\/3HYgEL7\" data-quantity=\"1\" data-product_id=\"1874\" data-product_sku=\"\" class=\"button product_type_external\" target=\"_blank\">K\u00f6p p\u00e5 Amazon<\/a>\t<span id=\"woocommerce_loop_add_to_cart_link_describedby_1874\" class=\"screen-reader-text\">\n\t\t\t<\/span>\n\t\t\t<\/div>\n\t\t<\/div>\n\t<\/li>\n<li class=\"product type-product post-1876 status-publish last instock product_cat-tandskydd-fodral has-post-thumbnail taxable shipping-taxable product-type-external\">\n\t\t\t<div class=\"content__product\">\n\t\t\t\t\t\t<div class=\"product_thumb\">\n\t\t\t\t<img decoding=\"async\" width=\"500\" height=\"375\" src=\"https:\/\/hockeygymnasiet.se\/webbutik\/wp-content\/uploads\/2022\/06\/Shock-Doctor-Tandskydd-fodral-500x375.webp\" class=\"attachment-woocommerce_thumbnail size-woocommerce_thumbnail\" alt=\"Shock-Doctor-Tandskydd-fodral\" srcset=\"https:\/\/hockeygymnasiet.se\/webbutik\/wp-content\/uploads\/2022\/06\/Shock-Doctor-Tandskydd-fodral-500x375.webp 500w, https:\/\/hockeygymnasiet.se\/webbutik\/wp-content\/uploads\/2022\/06\/Shock-Doctor-Tandskydd-fodral-600x450.webp 600w, https:\/\/hockeygymnasiet.se\/webbutik\/wp-content\/uploads\/2022\/06\/Shock-Doctor-Tandskydd-fodral-300x225.webp 300w, https:\/\/hockeygymnasiet.se\/webbutik\/wp-content\/uploads\/2022\/06\/Shock-Doctor-Tandskydd-fodral-768x576.webp 768w, https:\/\/hockeygymnasiet.se\/webbutik\/wp-content\/uploads\/2022\/06\/Shock-Doctor-Tandskydd-fodral-700x525.webp 700w, https:\/\/hockeygymnasiet.se\/webbutik\/wp-content\/uploads\/2022\/06\/Shock-Doctor-Tandskydd-fodral.webp 800w\" sizes=\"(max-width: 500px) 100vw, 500px\" \/>\t\t\t\t<div class=\"quick-view\" data-prod=\"1876\"><a href=\"javascript:;\"><i class=\"tk tk-eye fa-fw\"><\/i><\/a><\/div>\t\t\t\t<a href=\"https:\/\/hockeygymnasiet.se\/webbutik\/produkt\/shock-doctor-tandskydd-fodral\/\" class=\"link-images-product\"><\/a>\n\t\t\t<\/div>\n\t\t\t<div class=\"product__title\">\n\t\t\t\t<a href=\"https:\/\/hockeygymnasiet.se\/webbutik\/produkt\/shock-doctor-tandskydd-fodral\/\" class=\"title\">Shock Doctor Tandskydd Fodral<\/a>\n\n\t\t\t\t<div class=\"block-after-title\">\n\t\t\t\t\t\n\t<span class=\"price\"><span class=\"woocommerce-Price-amount amount\"><bdi><span class=\"woocommerce-Price-currencySymbol\">&#107;&#114;<\/span>&nbsp;100.00<\/bdi><\/span><\/span>\n\t\t\t\t<\/div>\n\t\t\t\t<div class=\"description\">\n\t\t\t\t\t<p>M\u00e4rke: Shock Doctor<br \/>\nKategori: Tandskydd Fodral<br \/>\nF\u00e4rg: Svart<br \/>\nAnv\u00e4ndning: vuxna, ton\u00e5ringar<br \/>\nPassform: En storlek passar de flesta<\/p>\n\t\t\t\t<\/div>\n\t\t\t\t<\/a><a rel=\"nofollow\" href=\"https:\/\/amzn.to\/3QYTY1e\" data-quantity=\"1\" data-product_id=\"1876\" data-product_sku=\"\" class=\"button product_type_external\" target=\"_blank\">K\u00f6p p\u00e5 Amazon<\/a>\t<span id=\"woocommerce_loop_add_to_cart_link_describedby_1876\" class=\"screen-reader-text\">\n\t\t\t<\/span>\n\t\t\t<\/div>\n\t\t<\/div>\n\t<\/li>\n<li class=\"product type-product post-1882 status-publish first instock product_cat-tandskydd-fodral has-post-thumbnail taxable shipping-taxable product-type-external\">\n\t\t\t<div class=\"content__product\">\n\t\t\t\t\t\t<div class=\"product_thumb\">\n\t\t\t\t<img loading=\"lazy\" decoding=\"async\" width=\"500\" height=\"375\" src=\"https:\/\/hockeygymnasiet.se\/webbutik\/wp-content\/uploads\/2022\/06\/SISU-Tandskydd-Fodral-500x375.webp\" class=\"attachment-woocommerce_thumbnail size-woocommerce_thumbnail\" alt=\"SISU-Tandskydd-Fodral\" srcset=\"https:\/\/hockeygymnasiet.se\/webbutik\/wp-content\/uploads\/2022\/06\/SISU-Tandskydd-Fodral-500x375.webp 500w, https:\/\/hockeygymnasiet.se\/webbutik\/wp-content\/uploads\/2022\/06\/SISU-Tandskydd-Fodral-600x450.webp 600w, https:\/\/hockeygymnasiet.se\/webbutik\/wp-content\/uploads\/2022\/06\/SISU-Tandskydd-Fodral-300x225.webp 300w, https:\/\/hockeygymnasiet.se\/webbutik\/wp-content\/uploads\/2022\/06\/SISU-Tandskydd-Fodral-768x576.webp 768w, https:\/\/hockeygymnasiet.se\/webbutik\/wp-content\/uploads\/2022\/06\/SISU-Tandskydd-Fodral-700x525.webp 700w, https:\/\/hockeygymnasiet.se\/webbutik\/wp-content\/uploads\/2022\/06\/SISU-Tandskydd-Fodral.webp 800w\" sizes=\"(max-width: 500px) 100vw, 500px\" \/>\t\t\t\t<div class=\"quick-view\" data-prod=\"1882\"><a href=\"javascript:;\"><i class=\"tk tk-eye fa-fw\"><\/i><\/a><\/div>\t\t\t\t<a href=\"https:\/\/hockeygymnasiet.se\/webbutik\/produkt\/sisu-tandskydd-fodral\/\" class=\"link-images-product\"><\/a>\n\t\t\t<\/div>\n\t\t\t<div class=\"product__title\">\n\t\t\t\t<a href=\"https:\/\/hockeygymnasiet.se\/webbutik\/produkt\/sisu-tandskydd-fodral\/\" class=\"title\">SISU Tandskydd Fodral<\/a>\n\n\t\t\t\t<div class=\"block-after-title\">\n\t\t\t\t\t\n\t<span class=\"price\"><span class=\"woocommerce-Price-amount amount\"><bdi><span class=\"woocommerce-Price-currencySymbol\">&#107;&#114;<\/span>&nbsp;115.00<\/bdi><\/span><\/span>\n\t\t\t\t<\/div>\n\t\t\t\t<div class=\"description\">\n\t\t\t\t\t<p>M\u00e4rke: SISU<br \/>\nKategori: Tandskydd Fodral<br \/>\nF\u00e4rg: Svart<br \/>\nAnv\u00e4ndning: vuxna, ton\u00e5ringar<br \/>\nPassform: En storlek passar de flesta<\/p>\n\t\t\t\t<\/div>\n\t\t\t\t<\/a><a rel=\"nofollow\" href=\"https:\/\/amzn.to\/3NtsRbB\" data-quantity=\"1\" data-product_id=\"1882\" data-product_sku=\"\" class=\"button product_type_external\" target=\"_blank\">K\u00f6p p\u00e5 Amazon<\/a>\t<span id=\"woocommerce_loop_add_to_cart_link_describedby_1882\" class=\"screen-reader-text\">\n\t\t\t<\/span>\n\t\t\t<\/div>\n\t\t<\/div>\n\t<\/li>\n<li class=\"product type-product post-1884 status-publish instock product_cat-tandskydd-fodral has-post-thumbnail taxable shipping-taxable product-type-external\">\n\t\t\t<div class=\"content__product\">\n\t\t\t\t\t\t<div class=\"product_thumb\">\n\t\t\t\t<img loading=\"lazy\" decoding=\"async\" width=\"500\" height=\"375\" src=\"https:\/\/hockeygymnasiet.se\/webbutik\/wp-content\/uploads\/2022\/06\/Tandskydd-Fodral-Hallare-Vit-500x375.webp\" class=\"attachment-woocommerce_thumbnail size-woocommerce_thumbnail\" alt=\"Tandskydd-Fodral-Hallare-Vit\" srcset=\"https:\/\/hockeygymnasiet.se\/webbutik\/wp-content\/uploads\/2022\/06\/Tandskydd-Fodral-Hallare-Vit-500x375.webp 500w, https:\/\/hockeygymnasiet.se\/webbutik\/wp-content\/uploads\/2022\/06\/Tandskydd-Fodral-Hallare-Vit-600x450.webp 600w, https:\/\/hockeygymnasiet.se\/webbutik\/wp-content\/uploads\/2022\/06\/Tandskydd-Fodral-Hallare-Vit-300x225.webp 300w, https:\/\/hockeygymnasiet.se\/webbutik\/wp-content\/uploads\/2022\/06\/Tandskydd-Fodral-Hallare-Vit-768x576.webp 768w, https:\/\/hockeygymnasiet.se\/webbutik\/wp-content\/uploads\/2022\/06\/Tandskydd-Fodral-Hallare-Vit-700x525.webp 700w, https:\/\/hockeygymnasiet.se\/webbutik\/wp-content\/uploads\/2022\/06\/Tandskydd-Fodral-Hallare-Vit.webp 800w\" sizes=\"(max-width: 500px) 100vw, 500px\" \/>\t\t\t\t<div class=\"quick-view\" data-prod=\"1884\"><a href=\"javascript:;\"><i class=\"tk tk-eye fa-fw\"><\/i><\/a><\/div>\t\t\t\t<a href=\"https:\/\/hockeygymnasiet.se\/webbutik\/produkt\/tandskydd-fodral-hallare-vit\/\" class=\"link-images-product\"><\/a>\n\t\t\t<\/div>\n\t\t\t<div class=\"product__title\">\n\t\t\t\t<a href=\"https:\/\/hockeygymnasiet.se\/webbutik\/produkt\/tandskydd-fodral-hallare-vit\/\" class=\"title\">Tandskydd Fodral H\u00e5llare Vit<\/a>\n\n\t\t\t\t<div class=\"block-after-title\">\n\t\t\t\t\t\n\t<span class=\"price\"><span class=\"woocommerce-Price-amount amount\"><bdi><span class=\"woocommerce-Price-currencySymbol\">&#107;&#114;<\/span>&nbsp;40.00<\/bdi><\/span><\/span>\n\t\t\t\t<\/div>\n\t\t\t\t<div class=\"description\">\n\t\t\t\t\t<p>M\u00e4rke: Ingen<br \/>\nKategori: Tandskydd Fodral<br \/>\nF\u00e4rg: Vit<br \/>\nAnv\u00e4ndning: vuxna, ton\u00e5ringar<br \/>\nPassform: En storlek passar de flesta<\/p>\n\t\t\t\t<\/div>\n\t\t\t\t<\/a><a rel=\"nofollow\" href=\"https:\/\/amzn.to\/3OvHzQZ\" data-quantity=\"1\" data-product_id=\"1884\" data-product_sku=\"\" class=\"button product_type_external\" target=\"_blank\">K\u00f6p p\u00e5 Amazon<\/a>\t<span id=\"woocommerce_loop_add_to_cart_link_describedby_1884\" class=\"screen-reader-text\">\n\t\t\t<\/span>\n\t\t\t<\/div>\n\t\t<\/div>\n\t<\/li>\n<li class=\"product type-product post-1880 status-publish last instock product_cat-tandskydd-fodral has-post-thumbnail taxable shipping-taxable product-type-simple\">\n\t\t\t<div class=\"content__product\">\n\t\t\t\t\t\t<div class=\"product_thumb\">\n\t\t\t\t<img loading=\"lazy\" decoding=\"async\" width=\"500\" height=\"375\" src=\"https:\/\/hockeygymnasiet.se\/webbutik\/wp-content\/uploads\/2022\/06\/Under-amour-Tandskydd-Fodral-500x375.webp\" class=\"attachment-woocommerce_thumbnail size-woocommerce_thumbnail\" alt=\"Under-amour-Tandskydd-Fodral\" srcset=\"https:\/\/hockeygymnasiet.se\/webbutik\/wp-content\/uploads\/2022\/06\/Under-amour-Tandskydd-Fodral-500x375.webp 500w, https:\/\/hockeygymnasiet.se\/webbutik\/wp-content\/uploads\/2022\/06\/Under-amour-Tandskydd-Fodral-600x450.webp 600w, https:\/\/hockeygymnasiet.se\/webbutik\/wp-content\/uploads\/2022\/06\/Under-amour-Tandskydd-Fodral-300x225.webp 300w, https:\/\/hockeygymnasiet.se\/webbutik\/wp-content\/uploads\/2022\/06\/Under-amour-Tandskydd-Fodral-768x576.webp 768w, https:\/\/hockeygymnasiet.se\/webbutik\/wp-content\/uploads\/2022\/06\/Under-amour-Tandskydd-Fodral-700x525.webp 700w, https:\/\/hockeygymnasiet.se\/webbutik\/wp-content\/uploads\/2022\/06\/Under-amour-Tandskydd-Fodral.webp 800w\" sizes=\"(max-width: 500px) 100vw, 500px\" \/>\t\t\t\t<div class=\"quick-view\" data-prod=\"1880\"><a href=\"javascript:;\"><i class=\"tk tk-eye fa-fw\"><\/i><\/a><\/div>\t\t\t\t<a href=\"https:\/\/hockeygymnasiet.se\/webbutik\/produkt\/under-armour-tandskydd-fodral\/\" class=\"link-images-product\"><\/a>\n\t\t\t<\/div>\n\t\t\t<div class=\"product__title\">\n\t\t\t\t<a href=\"https:\/\/hockeygymnasiet.se\/webbutik\/produkt\/under-armour-tandskydd-fodral\/\" class=\"title\">Under Armour Tandskydd Fodral<\/a>\n\n\t\t\t\t<div class=\"block-after-title\">\n\t\t\t\t\t\n\t\t\t\t<\/div>\n\t\t\t\t<div class=\"description\">\n\t\t\t\t\t<p>M\u00e4rke: Under amour<br \/>\nKategori: Tandskydd Fodral<br \/>\nF\u00e4rg: Svart<br \/>\nAnv\u00e4ndning: vuxna, ton\u00e5ringar<br \/>\nPassform: En storlek passar de flesta<\/p>\n\t\t\t\t<\/div>\n\t\t\t\t<\/a><a href=\"https:\/\/hockeygymnasiet.se\/webbutik\/produkt\/under-armour-tandskydd-fodral\/\" aria-describedby=\"woocommerce_loop_add_to_cart_link_describedby_1880\" data-quantity=\"1\" class=\"button product_type_simple\" data-product_id=\"1880\" data-product_sku=\"\" aria-label=\"L\u00e4s mer om \u201dUnder Armour Tandskydd Fodral\u201d\" rel=\"nofollow\" data-success_message=\"\">L\u00e4s mer<\/a>\t<span id=\"woocommerce_loop_add_to_cart_link_describedby_1880\" class=\"screen-reader-text\">\n\t\t\t<\/span>\n\t\t\t<\/div>\n\t\t<\/div>\n\t<\/li>\n<\/ul>\n<\/div><\/div>\n\t\t\t\t\t\t<\/div>\n\t\t\t\t<\/div>\n\t\t\t\t\t<\/div>\n\t\t<\/div>\n\t\t\t\t\t<\/div>\n\t\t<\/section>\n\t\t\t\t<section class=\"elementor-section elementor-top-section elementor-element elementor-element-3b4ff89 elementor-section-boxed elementor-section-height-default elementor-section-height-default\" data-id=\"3b4ff89\" data-element_type=\"section\">\n\t\t\t\t\t\t<div class=\"elementor-container elementor-column-gap-default\">\n\t\t\t\t\t<div class=\"elementor-column elementor-col-100 elementor-top-column elementor-element elementor-element-9c64dc6\" data-id=\"9c64dc6\" data-element_type=\"column\">\n\t\t\t<div class=\"elementor-widget-wrap elementor-element-populated\">\n\t\t\t\t\t\t<div class=\"elementor-element elementor-element-d4973b0 elementor-widget elementor-widget-spacer\" data-id=\"d4973b0\" data-element_type=\"widget\" data-widget_type=\"spacer.default\">\n\t\t\t\t<div class=\"elementor-widget-container\">\n\t\t\t\t\t\t\t<div class=\"elementor-spacer\">\n\t\t\t<div class=\"elementor-spacer-inner\"><\/div>\n\t\t<\/div>\n\t\t\t\t\t\t<\/div>\n\t\t\t\t<\/div>\n\t\t\t\t\t<\/div>\n\t\t<\/div>\n\t\t\t\t\t<\/div>\n\t\t<\/section>\n\t\t\t\t<\/div>\n\t\t","protected":false},"excerpt":{"rendered":"<p>PRODUKT KATEGORIER Hockey Tandskydd Frodral K\u00f6p din Hockey Tandskydd Frodral via Hockeygymnasiet.se Brett sortiment inom Hockeytillbeh\u00f6r Tandskydd f\u00f6r hockeyspelare Skydda t\u00e4nderna under tr\u00e4ning och match!<\/p>\n","protected":false},"author":1,"featured_media":1895,"parent":0,"menu_order":0,"comment_status":"closed","ping_status":"closed","template":"page-templates\/homepage.php","meta":{"footnotes":""},"class_list":["post-1894","page","type-page","status-publish","has-post-thumbnail","hentry"],"_links":{"self":[{"href":"https:\/\/hockeygymnasiet.se\/webbutik\/wp-json\/wp\/v2\/pages\/1894","targetHints":{"allow":["GET"]}}],"collection":[{"href":"https:\/\/hockeygymnasiet.se\/webbutik\/wp-json\/wp\/v2\/pages"}],"about":[{"href":"https:\/\/hockeygymnasiet.se\/webbutik\/wp-json\/wp\/v2\/types\/page"}],"author":[{"embeddable":true,"href":"https:\/\/hockeygymnasiet.se\/webbutik\/wp-json\/wp\/v2\/users\/1"}],"replies":[{"embeddable":true,"href":"https:\/\/hockeygymnasiet.se\/webbutik\/wp-json\/wp\/v2\/comments?post=1894"}],"version-history":[{"count":0,"href":"https:\/\/hockeygymnasiet.se\/webbutik\/wp-json\/wp\/v2\/pages\/1894\/revisions"}],"wp:featuredmedia":[{"embeddable":true,"href":"https:\/\/hockeygymnasiet.se\/webbutik\/wp-json\/wp\/v2\/media\/1895"}],"wp:attachment":[{"href":"https:\/\/hockeygymnasiet.se\/webbutik\/wp-json\/wp\/v2\/media?parent=1894"}],"curies":[{"name":"wp","href":"https:\/\/api.w.org\/{rel}","templated":true}]}}