{"id":495,"date":"2022-04-15T07:57:32","date_gmt":"2022-04-15T05:57:32","guid":{"rendered":"https:\/\/hockeygymnasiet.se\/webbutik\/?page_id=495"},"modified":"2022-04-15T08:02:05","modified_gmt":"2022-04-15T06:02:05","slug":"allmanna-villkor","status":"publish","type":"page","link":"https:\/\/hockeygymnasiet.se\/webbutik\/allmanna-villkor\/","title":{"rendered":"Allm\u00e4nna Villkor"},"content":{"rendered":"\t\t<div data-elementor-type=\"wp-page\" data-elementor-id=\"495\" class=\"elementor elementor-495\">\n\t\t\t\t\t\t<section class=\"elementor-section elementor-top-section elementor-element elementor-element-67a99da elementor-section-boxed elementor-section-height-default elementor-section-height-default\" data-id=\"67a99da\" data-element_type=\"section\">\n\t\t\t\t\t\t<div class=\"elementor-container elementor-column-gap-default\">\n\t\t\t\t\t<div class=\"elementor-column elementor-col-100 elementor-top-column elementor-element elementor-element-16dbd4a\" data-id=\"16dbd4a\" data-element_type=\"column\">\n\t\t\t<div class=\"elementor-widget-wrap elementor-element-populated\">\n\t\t\t\t\t\t<div class=\"elementor-element elementor-element-3733f97 elementor-widget elementor-widget-heading\" data-id=\"3733f97\" data-element_type=\"widget\" data-widget_type=\"heading.default\">\n\t\t\t\t<div class=\"elementor-widget-container\">\n\t\t\t\t\t<h2 class=\"elementor-heading-title elementor-size-default\">Allm\u00e4nna Villkor<\/h2>\t\t\t\t<\/div>\n\t\t\t\t<\/div>\n\t\t\t\t<div class=\"elementor-element elementor-element-0d97925 elementor-widget elementor-widget-text-editor\" data-id=\"0d97925\" data-element_type=\"widget\" data-widget_type=\"text-editor.default\">\n\t\t\t\t<div class=\"elementor-widget-container\">\n\t\t\t\t\t\t\t\t\t<p>DET\u00a0SKA\u00a0VARA\u00a0TRYGGT\u00a0ATT\u00a0HANDLA\u00a0HOS\u00a0OSS!<br \/><br \/>H\u00e4r har vi sammanst\u00e4llt information om bland annat betalning, leverans och \u00e5ngerr\u00e4tt. Allt f\u00f6r att g\u00f6ra ditt k\u00f6p s\u00e5 enkelt, s\u00e4kert och smidigt som m\u00f6jligt. Vi arbetar st\u00e4ndigt med att utveckla v\u00e5rt sortiment med h\u00e4nsyn till kvalit\u00e9, design och h\u00e5llbarhet. Saknar du n\u00e5gon produkt i v\u00e5r webshop eller har du en id\u00e9 p\u00e5 hur vi kan utveckla befintliga produkter? D\u00e5 f\u00e5r du mer \u00e4n g\u00e4rna h\u00f6ra av dig till\u00a0<u><a href=\"https:\/\/hockeygymnasiet.se\/webbutik\/kontakta-oss\/\">v\u00e5r support<\/a><\/u>\u00a0s\u00e5 kan vi ta med oss detta inf\u00f6r framtida produkter.<br \/><br \/><strong>REGLER\u00a0&amp;\u00a0VILLKOR<\/strong><br \/>Denna webbplats\u00a0<a href=\"https:\/\/hockeygymnasiet.se\/webbutik\/\">www.hockeygymnasiet.se<\/a>\u00a0(&#8221;Webbplats&#8221;) drivs av Hockeygymnasiet, (kallad HOCKEYGYMNASIET \/vi \/ v\u00e5r \/ oss). Dessa allm\u00e4nna villkor g\u00e4ller f\u00f6r all anv\u00e4ndning av webbplatsen och webbshopen. HOCKEYGYMNASIET f\u00f6rbeh\u00e5ller sig r\u00e4tten att \u00e4ndra villkoren med tiden. Den nuvarande versionen av de allm\u00e4nna villkoren \u00e4r de som \u00e4r tillg\u00e4ngliga p\u00e5 webbplatsen.<br \/><br \/><strong>OM\u00a0<\/strong>HOCKEYGYMNASIET<strong>.SE<\/strong><br \/>Allt inneh\u00e5ll p\u00e5 webbplatsen och webbshopen, inklusive m\u00f6nster, text, illustrationer, fotografier, logotyper, bilder och film, \u00e4r HOCKEYGYMNASIETs eller dess inneh\u00e5llsleverant\u00f6rs immateriella r\u00e4ttigheter och alla varum\u00e4rken och \/ eller f\u00f6retagsnamn som n\u00e4mns, visas eller p\u00e5 annat s\u00e4tt anges p\u00e5 webbplatsen \u00e4gs deras respektive \u00e4gare. Webbplatsen och webbshopen och deras inneh\u00e5ll f\u00e5r endast anv\u00e4ndas f\u00f6r personliga, icke-kommersiella \u00e4ndam\u00e5l.<br \/><br \/>Ingenting som finns p\u00e5 Webbplatsen eller Webshopen b\u00f6r tolkas som att underf\u00f6rst\u00e5tt, otillb\u00f6rligt eller otill\u00e5tet, ge n\u00e5gon licens eller r\u00e4tt att anv\u00e4nda material som f\u00f6rekommer p\u00e5 Webbplatsen, f\u00f6rutom i den utstr\u00e4ckning som till\u00e5ts enligt lag, utan v\u00e5rt skriftliga godk\u00e4nnande eller skriftligt godk\u00e4nnande av en tredje part som kan \u00e4ga r\u00e4ttigheterna till materialet som visas p\u00e5 webbplatsen. Webshopen och dess inneh\u00e5ll tillhandah\u00e5lls p\u00e5 grundval av &#8221;som det \u00e4r&#8221; utan n\u00e5gra garantier av n\u00e5got slag, varken uttryckligt eller underf\u00f6rst\u00e5tt, inklusive med avseende p\u00e5 l\u00e4mplighet f\u00f6r ett visst syfte och om webbshopens verksamhet eller inneh\u00e5ll. HOCKEYGYMNASIET avst\u00e5r fr\u00e5n alla garantier, uttryckta eller underf\u00f6rst\u00e5dda, i den utstr\u00e4ckning som till\u00e5ts enligt g\u00e4llande lagar. HOCKEYGYMNASIET fr\u00e5ns\u00e4ger sig allt ansvar f\u00f6r alla skador som uppst\u00e5r p\u00e5 grund av anv\u00e4ndning eller of\u00f6rm\u00e5ga att anv\u00e4nda Webshop.<br \/><br \/><strong><u>HANDLA\u00a0P\u00c5\u00a0<\/u><\/strong><u>HOCKEYGYMNASIET<strong>.SE<\/strong><br \/><\/u><br \/><strong>K\u00d6P<\/strong><br \/>Vid best\u00e4llning \u00f6ver Internet g\u00e4ller avtal om k\u00f6p f\u00f6rst n\u00e4r du har erh\u00e5llit en orderbekr\u00e4ftelse fr\u00e5n HOCKEYGYMNASIET via e-post. Bekr\u00e4ftelsen sker senast 48 timmar efter att best\u00e4llningen mottagits. F\u00e5r du ingen bekr\u00e4ftelse, om n\u00e5got \u00e4r fel eller om du vill \u00e4ndra din best\u00e4llning v\u00e4nligen kontakta oss.<br \/><br \/>F\u00f6r att handla p\u00e5 icaniwill.se beh\u00f6ver du vara 18 \u00e5r eller ha m\u00e5lsmans medgivande. I kassan f\u00e5r du valet att acceptera erbjudanden fr\u00e5n oss. Du kan n\u00e4r som helst \u00e5ngra dig genom att f\u00f6lja l\u00e4nken som \u00e4r tillg\u00e4nglig i varje email eller sms.<br \/><br \/>Betalning sker via Billmate och f\u00f6ljande betals\u00e4tt erbjuds:<br \/>&#8211; F\u00e5 f\u00f6rst. Betala sen.<br \/>&#8211; Direktbetalning<br \/>&#8211; Betala med kort<br \/>&#8211; Dela upp<br \/><br \/>F\u00f6r att se fullst\u00e4ndiga villkor och eventuella extraavgifter,\u00a0<u><a href=\"https:\/\/www.billmate.se\/policyer\/\">l\u00e4s mer p\u00e5 Billmates hemsida.<\/a><br \/><br \/><\/u><strong>PRISER<\/strong><br \/>Alla priser som anges p\u00e5 hemsidan inkluderar svensk merv\u00e4rdesskatt p\u00e5 25%. Avgifter och skatter kan tas ut av myndigheterna i mottagarlandet beroende p\u00e5 lagstiftningen i det landet. S\u00e5dana avgifter ska betalas av kunden. HOCKEYGYMNASIET kan inte informera kunden om dessa avgifter d\u00e5 kunden \u00e4r ansvarig f\u00f6r administrationen och betalning av s\u00e5dana avgifter.<br \/><br \/>Vi f\u00f6rbeh\u00e5ller oss r\u00e4tten att n\u00e4r som helst uppdatera priser och kampanjpriser.<\/p><p><strong>KAMPANJER<br \/><\/strong><u>Retur vid 2 f\u00f6r 1-kampanjer<\/u><br \/>Vill du returnera delar av erbjudandet sker ingen \u00e5terbetalning. F\u00f6r \u00e5terbetalning m\u00e5ste alla produkter som ing\u00e5r i erbjudandet returneras.<br \/><br \/><u>Retur av SET-artiklar<\/u><br \/>Det \u00e4r inte m\u00f6jligt att returnera delar av en SET-artikel med ett paketpris. Vid retur m\u00e5ste hela paketet returneras f\u00f6r att \u00e5terbetalning ska ske.<br \/><br \/><u>Retur vid \u00f6vriga erbjudanden<br \/><\/u>Om du v\u00e4ljer att returnera delar av en kampanjorder, g\u00e4ller inte l\u00e4ngre rabatten.<br \/><br \/>En kampanjorder kan tex vara en rabattkod eller tillf\u00e4llig rea. Erbjudandet \u00e4r f\u00f6rbrukat n\u00e4r order l\u00e4ggs och kan inte \u00e5teranv\u00e4ndas.<br \/><br \/><strong>LAGER &amp; VAROR<\/strong><br \/>Lagersaldon uppdateras kontinuerligt p\u00e5 hemsidan. N\u00e4r du har g\u00e5tt till kassan s\u00e5 reserveras din vara i 10 minuter. Vi reserverar oss f\u00f6r eventuella saldofel. Vi kan n\u00e4r som helst \u00e5terkalla en vara om vi anser att det \u00e4r n\u00f6dv\u00e4ndigt.<br \/><br \/>Bilder p\u00e5 webbplatsen \u00e4r endast avsedda f\u00f6r illustration. Var medveten om att f\u00e4rgerna p\u00e5 varor som visas p\u00e5 webbplatsen beror p\u00e5 flera faktorer, till exempel dina bildsk\u00e4rmsinst\u00e4llningar. Du hittar en beskrivning av produktdetaljer och vad som ing\u00e5r i produkten p\u00e5 produktsidan.\u00a0<br \/><br \/><strong>LEVERANS<\/strong><br \/>Alla priser \u00e4r listade exklusive fraktkostnader. Fraktkostnaden l\u00e4ggs till i priset och betalas av kunden. Fraktkostnaden meddelas vid best\u00e4llning.<br \/><br \/><strong>VAD\u00a0\u00c4R\u00a0LEVERANSSTID\u00a0OCH\u00a0KOSTNAD?<\/strong><br \/>Produkter i lager levereras normalt inom det antal arbetsdagar som anges p\u00e5 Webbplatsen, 2-10 arbetsdagar. Om inte annat avtalats (t.ex. i samband med reservation av produkter som ej finns i lager) sker leverans senast 30 arbetsdagar efter att\u00a0HOCKEYGYMNASIET\u00a0skriftligen bekr\u00e4ftat best\u00e4llningen genom orderbekr\u00e4ftelsen. I kassan ser du exakt vilka priser och leveranss\u00e4tt som g\u00e4ller just din order.<br \/><br \/><strong>RETURER<br \/><\/strong>V\u00e5rt m\u00e5l \u00e4r att du ska vara helt n\u00f6jd med produkten eller produkterna du k\u00f6per fr\u00e5n oss. Om du best\u00e4ller fr\u00e5n webbplatsen har du r\u00e4tt att \u00e5ngra ditt k\u00f6p, oavsett din anledning, inom 365 dagar efter mottagandet av produkten. Om du ut\u00f6var din \u00e5ngerr\u00e4tt m\u00e5ste du skicka tillbaka produkten till oss.<br \/><br \/>Du m\u00e5ste skicka produkten utan on\u00f6digt dr\u00f6jsm\u00e5l, och under alla omst\u00e4ndigheter senast 365 dagar efter mottagandet av din order. N\u00e4r varor returneras \u00e4r avgiften f\u00f6r frakt 49 kr, men vid byte av storlek eller f\u00e4rg \u00e4r frakten fri. Observera att alla produkter som returneras m\u00e5ste vara i originalskick f\u00f6r fullst\u00e4ndig \u00e5terbetalning, inklusive etiketter och l\u00e5dor etc. L\u00e4gg \u00e4ven till din orderbekr\u00e4ftelse och information om \u00e4ndringen \/ returen i paketet tillbaka till oss.<\/p><p>Vid eventuell retur kommer vi att debitera 49 kr f\u00f6r i samband med \u00e5terbetalning av din\/dina varor. Vid byte av storlek eller f\u00e4rg \u00e4r frakten fri.<br \/>Observera att byte g\u00e4ller endast om du vill byta till en annan f\u00e4rg eller storlek av samma modell. Vid byte till annan modell hanteras \u00e4rendet som en retur.<\/p><p>Observera att vi reserverar oss f\u00f6r slutf\u00f6rs\u00e4ljning av \u00f6nskade varor vid ett byte.\u00a0\u00c4r den vara du \u00f6nskar att byta till slut i lager, kommer vi att \u00e5terbetala dig. \u00d6nskar du fortfarande varan \u00e4r du v\u00e4lkommen att best\u00e4lla den p\u00e5 nytt n\u00e4r den \u00e4r \u00e5ter i lager.<\/p><p><br \/>Returr\u00e4tten g\u00e4ller ej p\u00e5 helt eller delvis f\u00f6rbrukade presentkort.<br \/><br \/><strong>MISSTAG<\/strong><br \/>Misstag sker ibland genom m\u00e4nskliga faktorn eller andra fel, till exempel g\u00e4llande pris eller produktinformation. Om ett misstag sker kommer vi naturligtvis g\u00f6ra v\u00e5rt b\u00e4sta att f\u00f6rs\u00f6ka korrigera det snarast m\u00f6jligt. Vi har stor erfarenhet av n\u00f6jda kunder \u00e4nda sedan vi startade och det \u00e4r n\u00e5got som vi alltid l\u00e4gger stor vikt vid. Alla vi p\u00e5 HOCKEYGYMNASIET str\u00e4var efter att du ska vara riktigt n\u00f6jd med ditt k\u00f6p.\u00a0<br \/><br \/><strong><u>PERSONLIG\u00a0INFORMATION\u00a0&amp;\u00a0S\u00c4KERHET<\/u><\/strong><br \/><br \/><strong>PERSONUPPGIFTER<\/strong><br \/>N\u00e4r du handlar hos oss godk\u00e4nner du att HOCKEYGYMNASIET lagrar och anv\u00e4nder dina uppgifter, detta g\u00f6r vi f\u00f6r att kunna hantera och leverera din best\u00e4llning samt f\u00f6r att kunna l\u00e5ta dig som kund ta del av v\u00e5ra nyheter\/erbjudanden i form av nyhetsbrev. Med hj\u00e4lp av dina personuppgifter kan vi komma att kolla din kreditstatus samt din adress. Uppgifterna vi samlar in finns inte i n\u00e5gra offentliga register och \u00e4r allts\u00e5 inte synliga f\u00f6r andra privatpersoner eller f\u00f6retag. Vi kommer inte under n\u00e5gra omst\u00e4ndigheter att s\u00e4lja eller \u00f6verl\u00e5ta dina personuppgifter till n\u00e5gon annan.<\/p><p>GDPR ger dig\u00a0r\u00e4tt att beg\u00e4ra utdrag av den information som \u00e4r registrerad om dig.<br \/>Om n\u00e5gon information \u00e4r missvisande, ofullst\u00e4ndig eller felaktig kommer vi f\u00f6rst\u00e5s att korrigera den om\/n\u00e4r du informerar oss. Du kan ocks\u00e5 beg\u00e4ra att informationen om dig raderas.<br \/><br \/><strong>S\u00c4KERHET<\/strong><br \/>HOCKEYGYMNASIET utf\u00f6r seri\u00f6st och ambiti\u00f6st arbete med s\u00e4kerhet och vi uppgraderar och uppdaterar v\u00e5ra system kontinuerligt f\u00f6r att uppr\u00e4tth\u00e5lla denna webbplats till en s\u00e4ker plats f\u00f6r v\u00e5ra kunder. Eventuella f\u00f6rs\u00f6k att anv\u00e4nda falska eller stulna kreditkortsuppgifter, f\u00e5 tillg\u00e5ng till en annan persons k\u00f6pkonto eller annan brottslig verksamhet kommer att rapporteras till polismyndigheterna. Vi sp\u00e5rar IP-adresser f\u00f6r att kunna anv\u00e4nda dem i brottsutredningar och f\u00f6rfaranden.<br \/><br \/><strong>FORCE\u00a0MAJEURE<\/strong><br \/>Om HOCKEYGYMNASIET inte f\u00f6ljer sina skyldigheter enligt dessa Allm\u00e4nna Villkor p\u00e5 grund av ovanliga negativa omst\u00e4ndigheter utanf\u00f6r v\u00e5r kontroll, kan HOCKEYGYMNASIET inte h\u00e5llas ansvariga. Exempel p\u00e5 s\u00e5dana kan vara krig, inb\u00f6rdeskrig, revolution, upplopp, statliga \u00e5tg\u00e4rder, strejk, lockout, blockering, elavbrott, telefon- eller internettj\u00e4nst, naturkatastrofer eller liknande h\u00e4ndelser.<br \/><br \/><strong>TVISTER<\/strong><br \/>Vi g\u00f6r v\u00e5rt b\u00e4sta f\u00f6r att g\u00f6ra alla v\u00e5ra kunder n\u00f6jda. Vi f\u00f6rs\u00f6ker alltid att tillfredsst\u00e4lla dig om n\u00e5got \u00e4r fel med ditt k\u00f6p. Om det \u00e4r n\u00e5got vi \u200b\u200binte kan l\u00f6sa, rekommenderar vi dig att g\u00f6ra ett klagom\u00e5l hos Allm\u00e4nna Reklamationsn\u00e4mnden f\u00f6r en oberoende unders\u00f6kning. Vi g\u00e5r vidare med alla \u00e4renden.<br \/><br \/><strong>KUNDSERVICE<\/strong><br \/>Om du har n\u00e5gra fr\u00e5gor, om n\u00e5got \u00e4r fel med din best\u00e4llning eller om du av n\u00e5gon annan anledning vill kontakta oss, hj\u00e4lper v\u00e5r kundtj\u00e4nst dig g\u00e4rna.<\/p>\t\t\t\t\t\t\t\t<\/div>\n\t\t\t\t<\/div>\n\t\t\t\t\t<\/div>\n\t\t<\/div>\n\t\t\t\t\t<\/div>\n\t\t<\/section>\n\t\t\t\t<section class=\"elementor-section elementor-top-section elementor-element elementor-element-a2d35fa elementor-section-boxed elementor-section-height-default elementor-section-height-default\" data-id=\"a2d35fa\" data-element_type=\"section\">\n\t\t\t\t\t\t<div class=\"elementor-container elementor-column-gap-default\">\n\t\t\t\t\t<div class=\"elementor-column elementor-col-100 elementor-top-column elementor-element elementor-element-2ee9e73\" data-id=\"2ee9e73\" data-element_type=\"column\">\n\t\t\t<div class=\"elementor-widget-wrap elementor-element-populated\">\n\t\t\t\t\t\t<div class=\"elementor-element elementor-element-c3e26cc elementor-widget elementor-widget-spacer\" data-id=\"c3e26cc\" data-element_type=\"widget\" data-widget_type=\"spacer.default\">\n\t\t\t\t<div class=\"elementor-widget-container\">\n\t\t\t\t\t\t\t<div class=\"elementor-spacer\">\n\t\t\t<div class=\"elementor-spacer-inner\"><\/div>\n\t\t<\/div>\n\t\t\t\t\t\t<\/div>\n\t\t\t\t<\/div>\n\t\t\t\t\t<\/div>\n\t\t<\/div>\n\t\t\t\t\t<\/div>\n\t\t<\/section>\n\t\t\t\t<\/div>\n\t\t","protected":false},"excerpt":{"rendered":"<p>Allm\u00e4nna Villkor DET\u00a0SKA\u00a0VARA\u00a0TRYGGT\u00a0ATT\u00a0HANDLA\u00a0HOS\u00a0OSS! H\u00e4r har vi sammanst\u00e4llt information om bland annat betalning, leverans och \u00e5ngerr\u00e4tt. Allt f\u00f6r att g\u00f6ra ditt k\u00f6p s\u00e5 enkelt, s\u00e4kert och smidigt som m\u00f6jligt. Vi arbetar &hellip; <\/p>\n","protected":false},"author":1,"featured_media":0,"parent":0,"menu_order":0,"comment_status":"closed","ping_status":"closed","template":"page-templates\/homepage.php","meta":{"footnotes":""},"class_list":["post-495","page","type-page","status-publish","hentry"],"_links":{"self":[{"href":"https:\/\/hockeygymnasiet.se\/webbutik\/wp-json\/wp\/v2\/pages\/495","targetHints":{"allow":["GET"]}}],"collection":[{"href":"https:\/\/hockeygymnasiet.se\/webbutik\/wp-json\/wp\/v2\/pages"}],"about":[{"href":"https:\/\/hockeygymnasiet.se\/webbutik\/wp-json\/wp\/v2\/types\/page"}],"author":[{"embeddable":true,"href":"https:\/\/hockeygymnasiet.se\/webbutik\/wp-json\/wp\/v2\/users\/1"}],"replies":[{"embeddable":true,"href":"https:\/\/hockeygymnasiet.se\/webbutik\/wp-json\/wp\/v2\/comments?post=495"}],"version-history":[{"count":0,"href":"https:\/\/hockeygymnasiet.se\/webbutik\/wp-json\/wp\/v2\/pages\/495\/revisions"}],"wp:attachment":[{"href":"https:\/\/hockeygymnasiet.se\/webbutik\/wp-json\/wp\/v2\/media?parent=495"}],"curies":[{"name":"wp","href":"https:\/\/api.w.org\/{rel}","templated":true}]}}