{"id":510,"date":"2022-04-15T08:18:52","date_gmt":"2022-04-15T06:18:52","guid":{"rendered":"https:\/\/hockeygymnasiet.se\/webbutik\/?page_id=510"},"modified":"2022-04-15T08:22:13","modified_gmt":"2022-04-15T06:22:13","slug":"cookiepolicy","status":"publish","type":"page","link":"https:\/\/hockeygymnasiet.se\/webbutik\/cookiepolicy\/","title":{"rendered":"Cookiepolicy"},"content":{"rendered":"\t\t<div data-elementor-type=\"wp-page\" data-elementor-id=\"510\" class=\"elementor elementor-510\">\n\t\t\t\t\t\t<section class=\"elementor-section elementor-top-section elementor-element elementor-element-811deb9 elementor-section-boxed elementor-section-height-default elementor-section-height-default\" data-id=\"811deb9\" data-element_type=\"section\">\n\t\t\t\t\t\t<div class=\"elementor-container elementor-column-gap-default\">\n\t\t\t\t\t<div class=\"elementor-column elementor-col-100 elementor-top-column elementor-element elementor-element-a969c1f\" data-id=\"a969c1f\" data-element_type=\"column\">\n\t\t\t<div class=\"elementor-widget-wrap elementor-element-populated\">\n\t\t\t\t\t\t<div class=\"elementor-element elementor-element-8157c3b elementor-widget elementor-widget-heading\" data-id=\"8157c3b\" data-element_type=\"widget\" data-widget_type=\"heading.default\">\n\t\t\t\t<div class=\"elementor-widget-container\">\n\t\t\t\t\t<h2 class=\"elementor-heading-title elementor-size-default\">Cookiepolicy<\/h2>\t\t\t\t<\/div>\n\t\t\t\t<\/div>\n\t\t\t\t<div class=\"elementor-element elementor-element-4a9bd29 elementor-widget elementor-widget-text-editor\" data-id=\"4a9bd29\" data-element_type=\"widget\" data-widget_type=\"text-editor.default\">\n\t\t\t\t<div class=\"elementor-widget-container\">\n\t\t\t\t\t\t\t\t\t<p>P\u00e5 HOCKEYGYMNASIET.se anv\u00e4nder vi cookies och liknande tekniker. Vissa cookies \u00e4r helt n\u00f6dv\u00e4ndiga f\u00f6r hemsidans funktionalitet, vissa anv\u00e4nder vi f\u00f6r att kunna m\u00e4ta och analysera hemsidans anv\u00e4ndarv\u00e4nlighet och vissa anv\u00e4nder vi f\u00f6r att ge relevant marknadsf\u00f6ring.<br \/><br \/><strong>Vad \u00e4r en cookie?<\/strong><br \/>En cookie \u00e4r en liten textfil som en webbl\u00e4sare beg\u00e4r att f\u00e5 spara p\u00e5 din enhet, till exempel dator, surfplatta och\/eller mobil. Cookies anv\u00e4nds f\u00f6r att \u201ckomma ih\u00e5g\u201d eller \u201ck\u00e4nna igen\u201d dig, och f\u00f6r att kunna spara val, inst\u00e4llningar och relevant information n\u00e4r du anv\u00e4nder webbplatsen.<br \/><br \/>En cookie kan vara tidsbest\u00e4md, och sparas d\u00e5 under en best\u00e4md tid. N\u00e4r tiden g\u00e5tt ut raderas cookien fr\u00e5n din webbl\u00e4sare och skapas p\u00e5 nytt n\u00e4r du bes\u00f6ker webbsidan igen. Den kan ocks\u00e5 sakna utg\u00e5ngsdatum och sparas d\u00e5 tills vidare, det vill s\u00e4ga tills du sj\u00e4lv v\u00e4ljer att ta bort den.<br \/><br \/>En cookie kan ocks\u00e5 vara sessionscookie och sakna utg\u00e5ngsdatum. Den h\u00e4r typen av cookie sparas tillf\u00e4lligt p\u00e5 din enhet och raderas automatiskt n\u00e4r du st\u00e4nger webbl\u00e4saren.<br \/><br \/><strong>Vilka cookies anv\u00e4nder vi?<\/strong><br \/><br \/><em>N\u00f6dv\u00e4ndiga<\/em><br \/>HOCKEYGYMNASIET s webbplattform anv\u00e4nder cookies f\u00f6r att grundl\u00e4ggande funktionalitet p\u00e5 hemsidan ska fungera, till exempel vid inloggning, i kassan och i varukorgen. Dessa lagrar inga personliga uppgifter om dig och g\u00e5r inte att st\u00e4nga av.<br \/><br \/><em>Marknadsf\u00f6ring<\/em><br \/>Cookies som anv\u00e4nds vid annonsering och marknadsf\u00f6ring. Med hj\u00e4lp av v\u00e5ra samarbetspartners kommunicerar produkter, priser och erbjudanden som vi tycker \u00e4r relevanta f\u00f6r dig, \u00e4ven n\u00e4r du senare bes\u00f6ker andra webbplatser. Utan dessa cookies kommer reklam som visas n\u00e4r du bes\u00f6ker andra webbsidor inte vara personligt anpassad i samma utstr\u00e4ckning.<br \/><br \/><em>Analys &amp; statistik<\/em><br \/>Cookies f\u00f6r att kunna m\u00e4ta anv\u00e4ndarupplevelsen s\u00e5 att vi kan se att webbplatsen fungerar och \u00e4r optimerad. Vi m\u00e4ter till exempel hur m\u00e5nga som anv\u00e4nder webbsidan och med vilka enheter f\u00f6r att kunna ge en s\u00e5 bra upplevelse som m\u00f6jligt.<br \/><br \/><em>Prestanda<\/em><br \/>Cookies som bidrar till att \u00f6ka prestandan p\u00e5 webbsidan, till exempel genom snabbare laddning. Om du inte godk\u00e4nner dessa cookies kommer webbsidan inte ih\u00e5g ditt bes\u00f6k och det blir heller inte m\u00f6jligt f\u00f6r oss att \u00f6vervaka och optimera sidans prestanda. All information som genereras via dessa cookies \u00e4r \u00f6vergripande och anonymiserad.<br \/><br \/><strong>Cookieinst\u00e4llningar i webbl\u00e4saren<\/strong><br \/>Du kan alltid \u00e4ndra dina inst\u00e4llningar direkt i din webbl\u00e4sare. H\u00e4r kan du ocks\u00e5 radera sparade cookies fr\u00e5n din enhet.<br \/><br \/>Om du har valt att blockera cookies i din webbl\u00e4sare s\u00e5 kan v\u00e5ra webbplatsers funktionalitet och prestanda komma att f\u00f6rs\u00e4mras eftersom vissa funktioner \u00e4r beroende av cookies. En blockering av cookies kan d\u00e4rf\u00f6r medf\u00f6ra att webbsidan inte fungerar som den ska.<br \/><br \/>H\u00e4r hittar du information om cookieinst\u00e4llningar i n\u00e5gra av de vanligaste webbl\u00e4sarna:<br \/><br \/><a href=\"https:\/\/support.google.com\/accounts\/answer\/61416?co=GENIE.Platform%3DDesktop&amp;hl=en\">Google Chrome<\/a><br \/><a href=\"https:\/\/privacy.microsoft.com\/en-us\/windows-10-microsoft-edge-and-privacy\">Windows Edge<\/a><br \/><a href=\"https:\/\/support.mozilla.org\/en-US\/kb\/enable-and-disable-cookies-website-preferences\">Mozilla Firefox<\/a><br \/><a href=\"https:\/\/support.microsoft.com\/en-gb\/help\/17442\/windows-internet-explorer-delete-manage-cookies\">Windows Internet Explorer<\/a><br \/><a href=\"https:\/\/www.opera.com\/help\/tutorials\/security\/privacy\/\">Opera<\/a><br \/><a href=\"https:\/\/support.apple.com\/guide\/safari\/manage-cookies-and-website-data-sfri11471\/mac\">Apple Safari<\/a><br \/><br \/>Denna sida uppdaterades senast: 2022-04-15. Policyn kan komma att \u00e4ndras i framtiden.<\/p>\t\t\t\t\t\t\t\t<\/div>\n\t\t\t\t<\/div>\n\t\t\t\t\t<\/div>\n\t\t<\/div>\n\t\t\t\t\t<\/div>\n\t\t<\/section>\n\t\t\t\t<section class=\"elementor-section elementor-top-section elementor-element elementor-element-9b9c696 elementor-section-boxed elementor-section-height-default elementor-section-height-default\" data-id=\"9b9c696\" data-element_type=\"section\">\n\t\t\t\t\t\t<div class=\"elementor-container elementor-column-gap-default\">\n\t\t\t\t\t<div class=\"elementor-column elementor-col-100 elementor-top-column elementor-element elementor-element-5ec622d\" data-id=\"5ec622d\" data-element_type=\"column\">\n\t\t\t<div class=\"elementor-widget-wrap elementor-element-populated\">\n\t\t\t\t\t\t<div class=\"elementor-element elementor-element-8055289 elementor-widget elementor-widget-spacer\" data-id=\"8055289\" data-element_type=\"widget\" data-widget_type=\"spacer.default\">\n\t\t\t\t<div class=\"elementor-widget-container\">\n\t\t\t\t\t\t\t<div class=\"elementor-spacer\">\n\t\t\t<div class=\"elementor-spacer-inner\"><\/div>\n\t\t<\/div>\n\t\t\t\t\t\t<\/div>\n\t\t\t\t<\/div>\n\t\t\t\t\t<\/div>\n\t\t<\/div>\n\t\t\t\t\t<\/div>\n\t\t<\/section>\n\t\t\t\t<\/div>\n\t\t","protected":false},"excerpt":{"rendered":"<p>Cookiepolicy P\u00e5 HOCKEYGYMNASIET.se anv\u00e4nder vi cookies och liknande tekniker. Vissa cookies \u00e4r helt n\u00f6dv\u00e4ndiga f\u00f6r hemsidans funktionalitet, vissa anv\u00e4nder vi f\u00f6r att kunna m\u00e4ta och analysera hemsidans anv\u00e4ndarv\u00e4nlighet och vissa &hellip; <\/p>\n","protected":false},"author":1,"featured_media":0,"parent":0,"menu_order":0,"comment_status":"closed","ping_status":"closed","template":"page-templates\/homepage.php","meta":{"footnotes":""},"class_list":["post-510","page","type-page","status-publish","hentry"],"_links":{"self":[{"href":"https:\/\/hockeygymnasiet.se\/webbutik\/wp-json\/wp\/v2\/pages\/510","targetHints":{"allow":["GET"]}}],"collection":[{"href":"https:\/\/hockeygymnasiet.se\/webbutik\/wp-json\/wp\/v2\/pages"}],"about":[{"href":"https:\/\/hockeygymnasiet.se\/webbutik\/wp-json\/wp\/v2\/types\/page"}],"author":[{"embeddable":true,"href":"https:\/\/hockeygymnasiet.se\/webbutik\/wp-json\/wp\/v2\/users\/1"}],"replies":[{"embeddable":true,"href":"https:\/\/hockeygymnasiet.se\/webbutik\/wp-json\/wp\/v2\/comments?post=510"}],"version-history":[{"count":0,"href":"https:\/\/hockeygymnasiet.se\/webbutik\/wp-json\/wp\/v2\/pages\/510\/revisions"}],"wp:attachment":[{"href":"https:\/\/hockeygymnasiet.se\/webbutik\/wp-json\/wp\/v2\/media?parent=510"}],"curies":[{"name":"wp","href":"https:\/\/api.w.org\/{rel}","templated":true}]}}