{"id":519,"date":"2022-04-15T08:28:29","date_gmt":"2022-04-15T06:28:29","guid":{"rendered":"https:\/\/hockeygymnasiet.se\/webbutik\/?page_id=519"},"modified":"2022-04-15T08:31:08","modified_gmt":"2022-04-15T06:31:08","slug":"integritetspolicy","status":"publish","type":"page","link":"https:\/\/hockeygymnasiet.se\/webbutik\/integritetspolicy\/","title":{"rendered":"Integritetspolicy"},"content":{"rendered":"\t\t<div data-elementor-type=\"wp-page\" data-elementor-id=\"519\" class=\"elementor elementor-519\">\n\t\t\t\t\t\t<section class=\"elementor-section elementor-top-section elementor-element elementor-element-d7655e8 elementor-section-boxed elementor-section-height-default elementor-section-height-default\" data-id=\"d7655e8\" data-element_type=\"section\">\n\t\t\t\t\t\t<div class=\"elementor-container elementor-column-gap-default\">\n\t\t\t\t\t<div class=\"elementor-column elementor-col-100 elementor-top-column elementor-element elementor-element-f1a6b39\" data-id=\"f1a6b39\" data-element_type=\"column\">\n\t\t\t<div class=\"elementor-widget-wrap elementor-element-populated\">\n\t\t\t\t\t\t<div class=\"elementor-element elementor-element-ecea240 elementor-widget elementor-widget-heading\" data-id=\"ecea240\" data-element_type=\"widget\" data-widget_type=\"heading.default\">\n\t\t\t\t<div class=\"elementor-widget-container\">\n\t\t\t\t\t<h2 class=\"elementor-heading-title elementor-size-default\">Integritetspolicy<\/h2>\t\t\t\t<\/div>\n\t\t\t\t<\/div>\n\t\t\t\t<div class=\"elementor-element elementor-element-8e16b16 elementor-widget elementor-widget-text-editor\" data-id=\"8e16b16\" data-element_type=\"widget\" data-widget_type=\"text-editor.default\">\n\t\t\t\t<div class=\"elementor-widget-container\">\n\t\t\t\t\t\t\t\t\t<p>Oavsett om du \u00e4r privatkund eller f\u00f6retag s\u00e5 grundar sig ditt val av oss i ett f\u00f6rtroende. Att v\u00e4rna om det f\u00f6rtroendet \u00e4r f\u00f6r oss viktigt i allt vi g\u00f6r, ocks\u00e5 p\u00e5 integritet- och dataskyddsomr\u00e5det.<\/p><p>Fr\u00e5gor om integritet och dataskydd och hur vi som f\u00f6retag ska hantera informationen om dig som kund blir allt mer viktiga i takt med att e-handeln v\u00e4xer och blivit vardag f\u00f6r m\u00e5nga. I takt med den utvecklingen k\u00e4nner ocks\u00e5 allt fler ibland en oro, men framf\u00f6rallt en nyfikenhet, kring hur informationen om dem hanteras.<\/p><p>Vi tror starkt p\u00e5 att vara helt transparenta gentemot dig som kund och att alltid s\u00e4ga precis som det \u00e4r kring hur personlig information om dig kommer hanteras, och hur vi resonerar n\u00e4r vi tar st\u00e4llning i fr\u00e5gor om integritet- och dataskyddsfr\u00e5gor. Det \u00e4r ocks\u00e5 d\u00e4rf\u00f6r som vi har samlat information p\u00e5 den h\u00e4r sidan, f\u00f6r att du ska f\u00f6rst\u00e5 v\u00e5ra beslut och k\u00e4nna dig trygg med hur vi hanterar fr\u00e5gorna.<\/p><p>F\u00f6r oss \u00e4r v\u00e5r h\u00e5llning inte s\u00e5 komplicerad, enkelt kan den sammanfattas i fem viktiga punkter:<\/p><ul><li>Vi hanterar dig och alla uppgifter kring dig med stor respekt, sekretess och varsamhet och t\u00e4nker st\u00e4ndigt riskmedvetet kring hur vi kan skydda din integritet i hur vi utformar v\u00e5ra tj\u00e4nster och system.<\/li><li>Vi behandlar personuppgifter f\u00f6r att skicka erbjudanden och marknadsf\u00f6ring via e-post och SMS. Vi skickar nyhetsbrev, personliga erbjudanden och p\u00e5minnelser om produkter som kommit tillbaka i lager. Denna behandling kan innefatta profilering. Behandlingen sker med ditt medgivande f\u00f6r direktmarknadsf\u00f6ring eller f\u00f6r v\u00e5rt ber\u00e4ttigade intresse att skicka direktmarknadsf\u00f6ring.<\/li><li>Vi l\u00e4mnar enbart ut de uppgifter om dig som kund till ber\u00f6rda f\u00f6retag som beh\u00f6vs f\u00f6r att du ska kunna best\u00e4lla, betala samt f\u00e5 din vara levererad hem till dig.<\/li><li>Du har r\u00e4tt att n\u00e4r som helst beg\u00e4ra ett registerutdrag p\u00e5 de uppgifter vi samlat om dig. Du har \u00e4ven r\u00e4tt att f\u00e5 dina uppgifter \u00e4ndrade eller raderade om s\u00e5 \u00f6nskat.<\/li><li>Vi \u00e4r alltid \u00f6ppna f\u00f6r dina \u00e5sikter och synpunkter. Kontakta oss g\u00e4rna via mail, Facebook eller Instagram om du k\u00e4nner dig minsta os\u00e4ker p\u00e5 n\u00e5got eller har fr\u00e5gor till oss. V\u00e5r d\u00f6rr \u00e4r alltid \u00f6ppen f\u00f6r dig!<\/li><\/ul><p><br \/>Sj\u00e4lva grunden till v\u00e5rt engagemang i integritet- och dataskyddsfr\u00e5gorna kommer fr\u00e5n v\u00e5r respekt f\u00f6r dig som kund och det f\u00f6rtroende du har lagt i valet av oss som f\u00f6retag.<\/p>\t\t\t\t\t\t\t\t<\/div>\n\t\t\t\t<\/div>\n\t\t\t\t\t<\/div>\n\t\t<\/div>\n\t\t\t\t\t<\/div>\n\t\t<\/section>\n\t\t\t\t<section class=\"elementor-section elementor-top-section elementor-element elementor-element-2661bf9 elementor-section-boxed elementor-section-height-default elementor-section-height-default\" data-id=\"2661bf9\" data-element_type=\"section\">\n\t\t\t\t\t\t<div class=\"elementor-container elementor-column-gap-default\">\n\t\t\t\t\t<div class=\"elementor-column elementor-col-100 elementor-top-column elementor-element elementor-element-b235e8a\" data-id=\"b235e8a\" data-element_type=\"column\">\n\t\t\t<div class=\"elementor-widget-wrap elementor-element-populated\">\n\t\t\t\t\t\t<div class=\"elementor-element elementor-element-933b17d elementor-widget elementor-widget-spacer\" data-id=\"933b17d\" data-element_type=\"widget\" data-widget_type=\"spacer.default\">\n\t\t\t\t<div class=\"elementor-widget-container\">\n\t\t\t\t\t\t\t<div class=\"elementor-spacer\">\n\t\t\t<div class=\"elementor-spacer-inner\"><\/div>\n\t\t<\/div>\n\t\t\t\t\t\t<\/div>\n\t\t\t\t<\/div>\n\t\t\t\t\t<\/div>\n\t\t<\/div>\n\t\t\t\t\t<\/div>\n\t\t<\/section>\n\t\t\t\t<\/div>\n\t\t","protected":false},"excerpt":{"rendered":"<p>Integritetspolicy Oavsett om du \u00e4r privatkund eller f\u00f6retag s\u00e5 grundar sig ditt val av oss i ett f\u00f6rtroende. Att v\u00e4rna om det f\u00f6rtroendet \u00e4r f\u00f6r oss viktigt i allt vi &hellip; <\/p>\n","protected":false},"author":1,"featured_media":0,"parent":0,"menu_order":0,"comment_status":"closed","ping_status":"closed","template":"page-templates\/homepage.php","meta":{"footnotes":""},"class_list":["post-519","page","type-page","status-publish","hentry"],"_links":{"self":[{"href":"https:\/\/hockeygymnasiet.se\/webbutik\/wp-json\/wp\/v2\/pages\/519","targetHints":{"allow":["GET"]}}],"collection":[{"href":"https:\/\/hockeygymnasiet.se\/webbutik\/wp-json\/wp\/v2\/pages"}],"about":[{"href":"https:\/\/hockeygymnasiet.se\/webbutik\/wp-json\/wp\/v2\/types\/page"}],"author":[{"embeddable":true,"href":"https:\/\/hockeygymnasiet.se\/webbutik\/wp-json\/wp\/v2\/users\/1"}],"replies":[{"embeddable":true,"href":"https:\/\/hockeygymnasiet.se\/webbutik\/wp-json\/wp\/v2\/comments?post=519"}],"version-history":[{"count":0,"href":"https:\/\/hockeygymnasiet.se\/webbutik\/wp-json\/wp\/v2\/pages\/519\/revisions"}],"wp:attachment":[{"href":"https:\/\/hockeygymnasiet.se\/webbutik\/wp-json\/wp\/v2\/media?parent=519"}],"curies":[{"name":"wp","href":"https:\/\/api.w.org\/{rel}","templated":true}]}}