{"id":1938,"date":"2022-07-02T08:54:03","date_gmt":"2022-07-02T06:54:03","guid":{"rendered":"https:\/\/hockeygymnasiet.se\/webbutik\/?post_type=product&#038;p=1938"},"modified":"2022-07-10T08:11:34","modified_gmt":"2022-07-10T06:11:34","slug":"goorin-bros-trucker-keps-morkbla-big-timer","status":"publish","type":"product","link":"https:\/\/hockeygymnasiet.se\/webbutik\/produkt\/goorin-bros-trucker-keps-morkbla-big-timer\/","title":{"rendered":"Goorin Bros Trucker Keps M\u00f6rkbl\u00e5 &#8211; Big Timer"},"content":{"rendered":"","protected":false},"excerpt":{"rendered":"<p>M\u00e4rke: Goorin Bros<br \/>\nKategori: Big Timer<br \/>\nF\u00e4rg: Bl\u00e5<br \/>\nAnv\u00e4ndning: vuxna, ton\u00e5ringar<br \/>\nPassform: En storlek passar de flesta<\/p>\n","protected":false},"featured_media":2089,"comment_status":"closed","ping_status":"closed","template":"","meta":[],"product_brand":[],"product_cat":[15,49],"product_tag":[],"class_list":{"0":"post-1938","1":"product","2":"type-product","3":"status-publish","4":"has-post-thumbnail","6":"product_cat-okategoriserad","7":"product_cat-goorin-bros","9":"first","10":"instock","11":"taxable","12":"shipping-taxable","13":"product-type-external"},"_links":{"self":[{"href":"https:\/\/hockeygymnasiet.se\/webbutik\/wp-json\/wp\/v2\/product\/1938","targetHints":{"allow":["GET"]}}],"collection":[{"href":"https:\/\/hockeygymnasiet.se\/webbutik\/wp-json\/wp\/v2\/product"}],"about":[{"href":"https:\/\/hockeygymnasiet.se\/webbutik\/wp-json\/wp\/v2\/types\/product"}],"replies":[{"embeddable":true,"href":"https:\/\/hockeygymnasiet.se\/webbutik\/wp-json\/wp\/v2\/comments?post=1938"}],"version-history":[{"count":0,"href":"https:\/\/hockeygymnasiet.se\/webbutik\/wp-json\/wp\/v2\/product\/1938\/revisions"}],"wp:featuredmedia":[{"embeddable":true,"href":"https:\/\/hockeygymnasiet.se\/webbutik\/wp-json\/wp\/v2\/media\/2089"}],"wp:attachment":[{"href":"https:\/\/hockeygymnasiet.se\/webbutik\/wp-json\/wp\/v2\/media?parent=1938"}],"wp:term":[{"taxonomy":"product_brand","embeddable":true,"href":"https:\/\/hockeygymnasiet.se\/webbutik\/wp-json\/wp\/v2\/product_brand?post=1938"},{"taxonomy":"product_cat","embeddable":true,"href":"https:\/\/hockeygymnasiet.se\/webbutik\/wp-json\/wp\/v2\/product_cat?post=1938"},{"taxonomy":"product_tag","embeddable":true,"href":"https:\/\/hockeygymnasiet.se\/webbutik\/wp-json\/wp\/v2\/product_tag?post=1938"}],"curies":[{"name":"wp","href":"https:\/\/api.w.org\/{rel}","templated":true}]}}