{"id":3042,"date":"2023-11-18T12:09:51","date_gmt":"2023-11-18T11:09:51","guid":{"rendered":"https:\/\/hockeygymnasiet.se\/webbutik\/?post_type=product&#038;p=3042"},"modified":"2023-12-19T18:23:01","modified_gmt":"2023-12-19T17:23:01","slug":"hockeygymnasiet-pro-hockeystrumpa-black-white","status":"publish","type":"product","link":"https:\/\/hockeygymnasiet.se\/webbutik\/produkt\/hockeygymnasiet-pro-hockeystrumpa-black-white\/","title":{"rendered":"Hockeygymnasiet Pro Hockeystrumpa Black-White"},"content":{"rendered":"<h2>Om Hockeygymnasiet Pro Hockeystrumpa Black-White<\/h2>\n<p>V\u00e5r Hockeygymnasiet Pro Hockeystrumpa Black-White \u00e4r designad f\u00f6r att ge dig det st\u00f6d du beh\u00f6ver och samtidigt ge en fantastiskt k\u00e4nsla f\u00f6r foten i dina skridskor ute p\u00e5 isen. Den anatomiska passformen p\u00e5 v\u00e4nster och h\u00f6ger fot ger dig extra kompressionsst\u00f6d p\u00e5 k\u00e4nsliga omr\u00e5den som anklarna vilket ger en otrolig komfort.<\/p>\n<p><strong>Material:<\/strong><br \/>\nSpandex \/ Polyester \/ Bomull<\/p>\n<p><strong>H\u00f6jdpunkter:<\/strong><\/p>\n<ul>\n<li>Pro Hockeystrumpor med l\u00e4tt d\u00e4mpning f\u00f6r bra kontroll och snabbhet.<\/li>\n<li>Kompressions hockey strumpor f\u00f6r \u00f6kad cirkulation och optimerad passform.<\/li>\n<li>Hockey specifik skyddande smalbens- och fotleds d\u00e4mpning.<\/li>\n<li>Fukt transporterande 3-lagers konstruktion f\u00f6r att h\u00e5lla f\u00f6tterna torra och bl\u00e5sfria.<\/li>\n<li>Optimal passform anpassad till respektive fots specifika krav (\u00e4kta L\/R-fot).<\/li>\n<li>H\u00f6g isolerande och v\u00e4rmande Merinoull-mix med lukt best\u00e4ndiga egenskaper L\u00e4mplig f\u00f6r skr\u00e4ddarsydda skridskor.<\/li>\n<\/ul>\n<p><strong>Frakt:<\/strong><br \/>\nLeveranstid: 7-9 arbetsdagar<\/p>\n<p><strong>Tv\u00e4ttr\u00e5d:<\/strong><br \/>\n<img decoding=\"async\" class=\"alignnone size-full wp-image-3255\" src=\"https:\/\/hockeygymnasiet.se\/webbutik\/wp-content\/uploads\/2023\/11\/Skarmavbild-2023-12-09-kl.-12.33.49.png\" alt=\"\" width=\"185\" height=\"34\" \/><\/p>\n","protected":false},"excerpt":{"rendered":"<p>OBS: Endast Large tillg\u00e4nglig<\/p>\n","protected":false},"featured_media":3195,"comment_status":"closed","ping_status":"closed","template":"","meta":[],"product_brand":[],"product_cat":[64],"product_tag":[],"class_list":{"0":"post-3042","1":"product","2":"type-product","3":"status-publish","4":"has-post-thumbnail","6":"product_cat-hockeystrumpor","8":"first","9":"instock","10":"taxable","11":"shipping-taxable","12":"purchasable","13":"product-type-variable"},"_links":{"self":[{"href":"https:\/\/hockeygymnasiet.se\/webbutik\/wp-json\/wp\/v2\/product\/3042","targetHints":{"allow":["GET"]}}],"collection":[{"href":"https:\/\/hockeygymnasiet.se\/webbutik\/wp-json\/wp\/v2\/product"}],"about":[{"href":"https:\/\/hockeygymnasiet.se\/webbutik\/wp-json\/wp\/v2\/types\/product"}],"replies":[{"embeddable":true,"href":"https:\/\/hockeygymnasiet.se\/webbutik\/wp-json\/wp\/v2\/comments?post=3042"}],"version-history":[{"count":0,"href":"https:\/\/hockeygymnasiet.se\/webbutik\/wp-json\/wp\/v2\/product\/3042\/revisions"}],"wp:featuredmedia":[{"embeddable":true,"href":"https:\/\/hockeygymnasiet.se\/webbutik\/wp-json\/wp\/v2\/media\/3195"}],"wp:attachment":[{"href":"https:\/\/hockeygymnasiet.se\/webbutik\/wp-json\/wp\/v2\/media?parent=3042"}],"wp:term":[{"taxonomy":"product_brand","embeddable":true,"href":"https:\/\/hockeygymnasiet.se\/webbutik\/wp-json\/wp\/v2\/product_brand?post=3042"},{"taxonomy":"product_cat","embeddable":true,"href":"https:\/\/hockeygymnasiet.se\/webbutik\/wp-json\/wp\/v2\/product_cat?post=3042"},{"taxonomy":"product_tag","embeddable":true,"href":"https:\/\/hockeygymnasiet.se\/webbutik\/wp-json\/wp\/v2\/product_tag?post=3042"}],"curies":[{"name":"wp","href":"https:\/\/api.w.org\/{rel}","templated":true}]}}